{"id":26,"date":"2017-03-27T12:38:18","date_gmt":"2017-03-27T10:38:18","guid":{"rendered":"http:\/\/www.lauschekammer.de\/wordpress\/?page_id=26"},"modified":"2023-08-30T09:39:19","modified_gmt":"2023-08-30T07:39:19","slug":"about","status":"publish","type":"page","link":"https:\/\/www.lauschekammer.de\/wordpress\/index.php\/about\/","title":{"rendered":"About"},"content":{"rendered":"\n<div id=\"portrait-lauschekammer\" class=\"wp-block-image wp-image-160\"><figure class=\"aligncenter size-large is-resized\"><img loading=\"lazy\" src=\"https:\/\/www.lauschekammer.de\/wordpress\/wp-content\/uploads\/2023\/08\/portrait_lauschekammer_sc-1024x841.jpg\" alt=\"Portrait Lauschekammer (Ansgar Silies)\" class=\"wp-image-352\" width=\"564\" height=\"463\" srcset=\"https:\/\/www.lauschekammer.de\/wordpress\/wp-content\/uploads\/2023\/08\/portrait_lauschekammer_sc-1024x841.jpg 1024w, https:\/\/www.lauschekammer.de\/wordpress\/wp-content\/uploads\/2023\/08\/portrait_lauschekammer_sc-300x246.jpg 300w, https:\/\/www.lauschekammer.de\/wordpress\/wp-content\/uploads\/2023\/08\/portrait_lauschekammer_sc-768x631.jpg 768w, https:\/\/www.lauschekammer.de\/wordpress\/wp-content\/uploads\/2023\/08\/portrait_lauschekammer_sc-1536x1261.jpg 1536w, https:\/\/www.lauschekammer.de\/wordpress\/wp-content\/uploads\/2023\/08\/portrait_lauschekammer_sc-2048x1681.jpg 2048w\" sizes=\"(max-width: 564px) 100vw, 564px\" \/><\/figure><\/div>\n\n\n\n<h2>Biografie (deutsch)<\/h2>\n\n\n\n<p>LAUSCHEKAMMER ist ein Musikprojekt des deutschen Szenografen und Klangk\u00fcnstlers Ansgar Silies.<\/p>\n\n\n\n<p>Silies lernte als Kind Saxophon und Bassklarinette und spielte in verschiedenen Gruppen und Bands. Mit steigendem Interesse an  elektronischer Musik kamen Klavier, E-Bass sowie das EWI hinzu. Im Jahr 2000 gr\u00fcndete er mit Mathias Funk das Musikduo <a href=\"https:\/\/bassfrucht.de\" target=\"_blank\" rel=\"noreferrer noopener\">Bassfrucht<\/a> und sp\u00e4ter sein Soloprojekt <a href=\"https:\/\/www.lauschekammer.de\/wordpress\/\" target=\"_blank\" rel=\"noreferrer noopener\">Lauschekammer<\/a>.<\/p>\n\n\n\n<p>W\u00e4hrend seines Studiums tauchte Silies in die Klangkunst ein. Ob Klanginstallation, Musikperformance, Theater- oder Filmmusik &#8211; Silies f\u00fchlt sich \u00fcberall dort wohl, wo Vielseitigkeit und Experimentierfreude gefragt sind.<\/p>\n\n\n\n<p>Ansgar Silies arbeitet als freier Szenograf, Musiker, und K\u00fcnstler und lebt im Emsland.<\/p>\n\n\n\n<hr class=\"wp-block-separator\"\/>\n\n\n\n<h2>Biography (English)<\/h2>\n\n\n\n<p>LAUSCHEKAMMER is a music project by the German scenographer and sound artist Ansgar Silies.<\/p>\n\n\n\n<p>Silies learned saxophone and bass clarinet as a child and played in various groups and bands. With increasing interest in electronic music, piano, electric bass as well as the EWI were added. In 2000 he founded the music duo  <a href=\"https:\/\/bassfrucht.de\" target=\"_blank\" rel=\"noreferrer noopener\">Bassfrucht<\/a> together with Mathias Funk and later his solo project <a href=\"https:\/\/www.lauschekammer.de\/wordpress\/\" target=\"_blank\" rel=\"noreferrer noopener\">Lauschekammer<\/a>.<\/p>\n\n\n\n<p>During his studies, Silies dived into sound art. Whether sound installation, music performance, theater or film music &#8211; Silies feels at home wherever versatility and experimentation are required.<\/p>\n\n\n\n<p>Ansgar Silies works as a freelance scenographer, musician, and artist and lives in Emsland.<\/p>\n\n\n\n<hr class=\"wp-block-separator\"\/>\n\n\n\n<h2>Biografie (nederlands)<\/h2>\n\n\n\n<p>LAUSCHEKAMMER is een muziekproject van de Duitse scenograaf en geluidskunstenaar Ansgar Silies.<\/p>\n\n\n\n<p>Silies leerde als kind saxofoon en basklarinet en speelde in verschillende groepen en bands. Toen zijn interesse in elektronische muziek groeide, voegde hij daar piano, elektrische bas en de EWI aan toe.&nbsp;In 2000 richtte hij samen met Mathias Funk het muziekduo <a href=\"https:\/\/bassfrucht.de\" target=\"_blank\" rel=\"noreferrer noopener\">Bassfrucht<\/a> op en later zijn soloproject <a href=\"https:\/\/www.lauschekammer.de\/wordpress\/\" target=\"_blank\" rel=\"noreferrer noopener\">Lauschekammer<\/a>.<\/p>\n\n\n\n<p>Tijdens zijn studie verdiepte Silies zich in geluidskunst. Of het nu gaat om geluidsinstallaties, muziekperformances, theater of filmmuziek &#8211; Silies voelt zich overal thuis waar veelzijdigheid en experimenteervreugde worden gevraagd.<\/p>\n\n\n\n<p>Ansgar Silies werkt als freelance scenograaf, muzikant en kunstenaar en woont in Emsland, Duitsland.<\/p>\n\n\n\n<p><\/p>\n","protected":false},"excerpt":{"rendered":"<p>Biografie (deutsch) LAUSCHEKAMMER ist ein Musikprojekt des deutschen Szenografen und Klangk\u00fcnstlers Ansgar Silies. Silies lernte als Kind Saxophon und Bassklarinette und spielte in verschiedenen Gruppen und Bands. Mit steigendem Interesse an elektronischer Musik kamen Klavier, E-Bass sowie das EWI hinzu. Im Jahr 2000 gr\u00fcndete er mit Mathias Funk das Musikduo Bassfrucht und sp\u00e4ter sein Soloprojekt Lauschekammer. W\u00e4hrend seines Studiums tauchte Silies in die Klangkunst ein. Ob Klanginstallation, Musikperformance, Theater- oder Filmmusik &#8211; Silies f\u00fchlt sich \u00fcberall dort wohl, wo Vielseitigkeit und Experimentierfreude gefragt sind. Ansgar Silies arbeitet als freier Szenograf, Musiker, und K\u00fcnstler und lebt im Emsland. Biography (English) LAUSCHEKAMMER is a music project by the German scenographer and sound artist Ansgar Silies. Silies learned saxophone and bass clarinet as a child and played in various groups and bands. With increasing interest in electronic music, piano, electric bass as well as the EWI were added. In 2000 he founded the music duo Bassfrucht together with Mathias Funk and later his solo project Lauschekammer. During his studies, Silies dived into sound art. Whether sound installation, music performance, theater or film music &#8211; Silies feels at home wherever versatility and experimentation are required. Ansgar Silies works as a freelance scenographer, musician, and&#8230;<\/p>\n<div class=\"more-link-wrapper\"><a class=\"more-link\" href=\"https:\/\/www.lauschekammer.de\/wordpress\/index.php\/about\/\">Read more<span class=\"screen-reader-text\">About<\/span><\/a><\/div>\n","protected":false},"author":1,"featured_media":0,"parent":0,"menu_order":0,"comment_status":"closed","ping_status":"closed","template":"","meta":[],"yoast_head":"<!-- This site is optimized with the Yoast SEO plugin v17.9 - https:\/\/yoast.com\/wordpress\/plugins\/seo\/ -->\n<title>About &bull; Ansgar Silies<\/title>\n<meta name=\"description\" content=\"LAUSCHEKAMMER ist ein Musikprojekt des deutschen Szenografen und Klangk\u00fcnstlers Ansgar Silies. Wer er ist und was ihn antreibt.\" \/>\n<meta name=\"robots\" content=\"index, follow, max-snippet:-1, max-image-preview:large, max-video-preview:-1\" \/>\n<link rel=\"canonical\" href=\"https:\/\/www.lauschekammer.de\/wordpress\/index.php\/about\/\" \/>\n<meta property=\"og:locale\" content=\"de_DE\" \/>\n<meta property=\"og:type\" content=\"article\" \/>\n<meta property=\"og:title\" content=\"\u00dcber Lauschekammer - Ansgar Silies\" \/>\n<meta property=\"og:description\" content=\"LAUSCHEKAMMER ist ein Musikprojekt des deutschen Szenografen und Klangk\u00fcnstlers Ansgar Silies.\" \/>\n<meta property=\"og:url\" content=\"https:\/\/www.lauschekammer.de\/wordpress\/index.php\/about\/\" \/>\n<meta property=\"og:site_name\" content=\"Lauschekammer\" \/>\n<meta property=\"article:publisher\" content=\"https:\/\/facebook.com\/lauschekammer\" \/>\n<meta property=\"article:modified_time\" content=\"2023-08-30T07:39:19+00:00\" \/>\n<meta property=\"og:image\" content=\"https:\/\/www.lauschekammer.de\/wordpress\/wp-content\/uploads\/2023\/08\/portrait_lauschekammer_sc-scaled.jpg\" \/>\n\t<meta property=\"og:image:width\" content=\"2560\" \/>\n\t<meta property=\"og:image:height\" content=\"2102\" \/>\n\t<meta property=\"og:image:type\" content=\"image\/jpeg\" \/>\n<meta name=\"twitter:card\" content=\"summary_large_image\" \/>\n<meta name=\"twitter:title\" content=\"About Lauschekammer - Ansgar Silies\" \/>\n<meta name=\"twitter:description\" content=\"LAUSCHEKAMMER is a music project by the German scenographer and sound artist Ansgar Silies.\" \/>\n<meta name=\"twitter:image\" content=\"https:\/\/www.lauschekammer.de\/wordpress\/wp-content\/uploads\/2023\/08\/portrait_lauschekammer_sc-scaled.jpg\" \/>\n<meta name=\"twitter:label1\" content=\"Gesch\u00e4tzte Lesezeit\" \/>\n\t<meta name=\"twitter:data1\" content=\"2\u00a0Minuten\" \/>\n<script type=\"application\/ld+json\" class=\"yoast-schema-graph\">{\"@context\":\"https:\/\/schema.org\",\"@graph\":[{\"@type\":\"Organization\",\"@id\":\"https:\/\/www.lauschekammer.de\/wordpress\/#organization\",\"name\":\"Lauschekammer\",\"url\":\"https:\/\/www.lauschekammer.de\/wordpress\/\",\"sameAs\":[\"https:\/\/facebook.com\/lauschekammer\",\"https:\/\/de.linkedin.com\/in\/ansgar-silies-379a1669\"],\"logo\":{\"@type\":\"ImageObject\",\"@id\":\"https:\/\/www.lauschekammer.de\/wordpress\/#logo\",\"inLanguage\":\"de\",\"url\":\"https:\/\/www.lauschekammer.de\/wordpress\/wp-content\/uploads\/2021\/03\/logo_lauschekammer_2021_q_blau.jpg\",\"contentUrl\":\"https:\/\/www.lauschekammer.de\/wordpress\/wp-content\/uploads\/2021\/03\/logo_lauschekammer_2021_q_blau.jpg\",\"width\":1063,\"height\":1063,\"caption\":\"Lauschekammer\"},\"image\":{\"@id\":\"https:\/\/www.lauschekammer.de\/wordpress\/#logo\"}},{\"@type\":\"WebSite\",\"@id\":\"https:\/\/www.lauschekammer.de\/wordpress\/#website\",\"url\":\"https:\/\/www.lauschekammer.de\/wordpress\/\",\"name\":\"Lauschekammer\",\"description\":\"\",\"publisher\":{\"@id\":\"https:\/\/www.lauschekammer.de\/wordpress\/#organization\"},\"potentialAction\":[{\"@type\":\"SearchAction\",\"target\":{\"@type\":\"EntryPoint\",\"urlTemplate\":\"https:\/\/www.lauschekammer.de\/wordpress\/?s={search_term_string}\"},\"query-input\":\"required name=search_term_string\"}],\"inLanguage\":\"de\"},{\"@type\":\"ImageObject\",\"@id\":\"https:\/\/www.lauschekammer.de\/wordpress\/index.php\/about\/#primaryimage\",\"inLanguage\":\"de\",\"url\":\"https:\/\/www.lauschekammer.de\/wordpress\/wp-content\/uploads\/2023\/08\/portrait_lauschekammer_sc-scaled.jpg\",\"contentUrl\":\"https:\/\/www.lauschekammer.de\/wordpress\/wp-content\/uploads\/2023\/08\/portrait_lauschekammer_sc-scaled.jpg\",\"width\":2560,\"height\":2102},{\"@type\":[\"WebPage\",\"AboutPage\"],\"@id\":\"https:\/\/www.lauschekammer.de\/wordpress\/index.php\/about\/#webpage\",\"url\":\"https:\/\/www.lauschekammer.de\/wordpress\/index.php\/about\/\",\"name\":\"About &bull; Ansgar Silies\",\"isPartOf\":{\"@id\":\"https:\/\/www.lauschekammer.de\/wordpress\/#website\"},\"primaryImageOfPage\":{\"@id\":\"https:\/\/www.lauschekammer.de\/wordpress\/index.php\/about\/#primaryimage\"},\"datePublished\":\"2017-03-27T10:38:18+00:00\",\"dateModified\":\"2023-08-30T07:39:19+00:00\",\"description\":\"LAUSCHEKAMMER ist ein Musikprojekt des deutschen Szenografen und Klangk\\u00fcnstlers Ansgar Silies. Wer er ist und was ihn antreibt.\",\"breadcrumb\":{\"@id\":\"https:\/\/www.lauschekammer.de\/wordpress\/index.php\/about\/#breadcrumb\"},\"inLanguage\":\"de\",\"potentialAction\":[{\"@type\":\"ReadAction\",\"target\":[\"https:\/\/www.lauschekammer.de\/wordpress\/index.php\/about\/\"]}]},{\"@type\":\"BreadcrumbList\",\"@id\":\"https:\/\/www.lauschekammer.de\/wordpress\/index.php\/about\/#breadcrumb\",\"itemListElement\":[{\"@type\":\"ListItem\",\"position\":1,\"name\":\"Startseite\",\"item\":\"https:\/\/www.lauschekammer.de\/wordpress\/\"},{\"@type\":\"ListItem\",\"position\":2,\"name\":\"About\"}]},{\"@type\":\"Article\",\"@id\":\"https:\/\/www.lauschekammer.de\/wordpress\/index.php\/about\/#article\",\"isPartOf\":{\"@id\":\"https:\/\/www.lauschekammer.de\/wordpress\/index.php\/about\/#webpage\"},\"author\":{\"@id\":\"https:\/\/www.lauschekammer.de\/wordpress\/#\/schema\/person\/ebb5e244582f3d96c67f396d5519385d\"},\"headline\":\"About\",\"datePublished\":\"2017-03-27T10:38:18+00:00\",\"dateModified\":\"2023-08-30T07:39:19+00:00\",\"mainEntityOfPage\":{\"@id\":\"https:\/\/www.lauschekammer.de\/wordpress\/index.php\/about\/#webpage\"},\"wordCount\":317,\"publisher\":{\"@id\":\"https:\/\/www.lauschekammer.de\/wordpress\/#organization\"},\"image\":{\"@id\":\"https:\/\/www.lauschekammer.de\/wordpress\/index.php\/about\/#primaryimage\"},\"thumbnailUrl\":\"https:\/\/www.lauschekammer.de\/wordpress\/wp-content\/uploads\/2023\/08\/portrait_lauschekammer_sc-1024x841.jpg\",\"inLanguage\":\"de\"},{\"@type\":\"Person\",\"@id\":\"https:\/\/www.lauschekammer.de\/wordpress\/#\/schema\/person\/ebb5e244582f3d96c67f396d5519385d\",\"name\":\"lauscher\",\"image\":{\"@type\":\"ImageObject\",\"@id\":\"https:\/\/www.lauschekammer.de\/wordpress\/#personlogo\",\"inLanguage\":\"de\",\"url\":\"https:\/\/secure.gravatar.com\/avatar\/f2bda7da09b0d7ed01f787abb3766cf8?s=96&d=mm&r=g\",\"contentUrl\":\"https:\/\/secure.gravatar.com\/avatar\/f2bda7da09b0d7ed01f787abb3766cf8?s=96&d=mm&r=g\",\"caption\":\"lauscher\"}}]}<\/script>\n<!-- \/ Yoast SEO plugin. -->","yoast_head_json":{"title":"About &bull; Ansgar Silies","description":"LAUSCHEKAMMER ist ein Musikprojekt des deutschen Szenografen und Klangk\u00fcnstlers Ansgar Silies. Wer er ist und was ihn antreibt.","robots":{"index":"index","follow":"follow","max-snippet":"max-snippet:-1","max-image-preview":"max-image-preview:large","max-video-preview":"max-video-preview:-1"},"canonical":"https:\/\/www.lauschekammer.de\/wordpress\/index.php\/about\/","og_locale":"de_DE","og_type":"article","og_title":"\u00dcber Lauschekammer - Ansgar Silies","og_description":"LAUSCHEKAMMER ist ein Musikprojekt des deutschen Szenografen und Klangk\u00fcnstlers Ansgar Silies.","og_url":"https:\/\/www.lauschekammer.de\/wordpress\/index.php\/about\/","og_site_name":"Lauschekammer","article_publisher":"https:\/\/facebook.com\/lauschekammer","article_modified_time":"2023-08-30T07:39:19+00:00","og_image":[{"width":2560,"height":2102,"url":"https:\/\/www.lauschekammer.de\/wordpress\/wp-content\/uploads\/2023\/08\/portrait_lauschekammer_sc-scaled.jpg","type":"image\/jpeg"}],"twitter_card":"summary_large_image","twitter_title":"About Lauschekammer - Ansgar Silies","twitter_description":"LAUSCHEKAMMER is a music project by the German scenographer and sound artist Ansgar Silies.","twitter_image":"https:\/\/www.lauschekammer.de\/wordpress\/wp-content\/uploads\/2023\/08\/portrait_lauschekammer_sc-scaled.jpg","twitter_misc":{"Gesch\u00e4tzte Lesezeit":"2\u00a0Minuten"},"schema":{"@context":"https:\/\/schema.org","@graph":[{"@type":"Organization","@id":"https:\/\/www.lauschekammer.de\/wordpress\/#organization","name":"Lauschekammer","url":"https:\/\/www.lauschekammer.de\/wordpress\/","sameAs":["https:\/\/facebook.com\/lauschekammer","https:\/\/de.linkedin.com\/in\/ansgar-silies-379a1669"],"logo":{"@type":"ImageObject","@id":"https:\/\/www.lauschekammer.de\/wordpress\/#logo","inLanguage":"de","url":"https:\/\/www.lauschekammer.de\/wordpress\/wp-content\/uploads\/2021\/03\/logo_lauschekammer_2021_q_blau.jpg","contentUrl":"https:\/\/www.lauschekammer.de\/wordpress\/wp-content\/uploads\/2021\/03\/logo_lauschekammer_2021_q_blau.jpg","width":1063,"height":1063,"caption":"Lauschekammer"},"image":{"@id":"https:\/\/www.lauschekammer.de\/wordpress\/#logo"}},{"@type":"WebSite","@id":"https:\/\/www.lauschekammer.de\/wordpress\/#website","url":"https:\/\/www.lauschekammer.de\/wordpress\/","name":"Lauschekammer","description":"","publisher":{"@id":"https:\/\/www.lauschekammer.de\/wordpress\/#organization"},"potentialAction":[{"@type":"SearchAction","target":{"@type":"EntryPoint","urlTemplate":"https:\/\/www.lauschekammer.de\/wordpress\/?s={search_term_string}"},"query-input":"required name=search_term_string"}],"inLanguage":"de"},{"@type":"ImageObject","@id":"https:\/\/www.lauschekammer.de\/wordpress\/index.php\/about\/#primaryimage","inLanguage":"de","url":"https:\/\/www.lauschekammer.de\/wordpress\/wp-content\/uploads\/2023\/08\/portrait_lauschekammer_sc-scaled.jpg","contentUrl":"https:\/\/www.lauschekammer.de\/wordpress\/wp-content\/uploads\/2023\/08\/portrait_lauschekammer_sc-scaled.jpg","width":2560,"height":2102},{"@type":["WebPage","AboutPage"],"@id":"https:\/\/www.lauschekammer.de\/wordpress\/index.php\/about\/#webpage","url":"https:\/\/www.lauschekammer.de\/wordpress\/index.php\/about\/","name":"About &bull; Ansgar Silies","isPartOf":{"@id":"https:\/\/www.lauschekammer.de\/wordpress\/#website"},"primaryImageOfPage":{"@id":"https:\/\/www.lauschekammer.de\/wordpress\/index.php\/about\/#primaryimage"},"datePublished":"2017-03-27T10:38:18+00:00","dateModified":"2023-08-30T07:39:19+00:00","description":"LAUSCHEKAMMER ist ein Musikprojekt des deutschen Szenografen und Klangk\u00fcnstlers Ansgar Silies. Wer er ist und was ihn antreibt.","breadcrumb":{"@id":"https:\/\/www.lauschekammer.de\/wordpress\/index.php\/about\/#breadcrumb"},"inLanguage":"de","potentialAction":[{"@type":"ReadAction","target":["https:\/\/www.lauschekammer.de\/wordpress\/index.php\/about\/"]}]},{"@type":"BreadcrumbList","@id":"https:\/\/www.lauschekammer.de\/wordpress\/index.php\/about\/#breadcrumb","itemListElement":[{"@type":"ListItem","position":1,"name":"Startseite","item":"https:\/\/www.lauschekammer.de\/wordpress\/"},{"@type":"ListItem","position":2,"name":"About"}]},{"@type":"Article","@id":"https:\/\/www.lauschekammer.de\/wordpress\/index.php\/about\/#article","isPartOf":{"@id":"https:\/\/www.lauschekammer.de\/wordpress\/index.php\/about\/#webpage"},"author":{"@id":"https:\/\/www.lauschekammer.de\/wordpress\/#\/schema\/person\/ebb5e244582f3d96c67f396d5519385d"},"headline":"About","datePublished":"2017-03-27T10:38:18+00:00","dateModified":"2023-08-30T07:39:19+00:00","mainEntityOfPage":{"@id":"https:\/\/www.lauschekammer.de\/wordpress\/index.php\/about\/#webpage"},"wordCount":317,"publisher":{"@id":"https:\/\/www.lauschekammer.de\/wordpress\/#organization"},"image":{"@id":"https:\/\/www.lauschekammer.de\/wordpress\/index.php\/about\/#primaryimage"},"thumbnailUrl":"https:\/\/www.lauschekammer.de\/wordpress\/wp-content\/uploads\/2023\/08\/portrait_lauschekammer_sc-1024x841.jpg","inLanguage":"de"},{"@type":"Person","@id":"https:\/\/www.lauschekammer.de\/wordpress\/#\/schema\/person\/ebb5e244582f3d96c67f396d5519385d","name":"lauscher","image":{"@type":"ImageObject","@id":"https:\/\/www.lauschekammer.de\/wordpress\/#personlogo","inLanguage":"de","url":"https:\/\/secure.gravatar.com\/avatar\/f2bda7da09b0d7ed01f787abb3766cf8?s=96&d=mm&r=g","contentUrl":"https:\/\/secure.gravatar.com\/avatar\/f2bda7da09b0d7ed01f787abb3766cf8?s=96&d=mm&r=g","caption":"lauscher"}}]}},"_links":{"self":[{"href":"https:\/\/www.lauschekammer.de\/wordpress\/index.php\/wp-json\/wp\/v2\/pages\/26"}],"collection":[{"href":"https:\/\/www.lauschekammer.de\/wordpress\/index.php\/wp-json\/wp\/v2\/pages"}],"about":[{"href":"https:\/\/www.lauschekammer.de\/wordpress\/index.php\/wp-json\/wp\/v2\/types\/page"}],"author":[{"embeddable":true,"href":"https:\/\/www.lauschekammer.de\/wordpress\/index.php\/wp-json\/wp\/v2\/users\/1"}],"replies":[{"embeddable":true,"href":"https:\/\/www.lauschekammer.de\/wordpress\/index.php\/wp-json\/wp\/v2\/comments?post=26"}],"version-history":[{"count":37,"href":"https:\/\/www.lauschekammer.de\/wordpress\/index.php\/wp-json\/wp\/v2\/pages\/26\/revisions"}],"predecessor-version":[{"id":440,"href":"https:\/\/www.lauschekammer.de\/wordpress\/index.php\/wp-json\/wp\/v2\/pages\/26\/revisions\/440"}],"wp:attachment":[{"href":"https:\/\/www.lauschekammer.de\/wordpress\/index.php\/wp-json\/wp\/v2\/media?parent=26"}],"curies":[{"name":"wp","href":"https:\/\/api.w.org\/{rel}","templated":true}]}}